{"id":10,"date":"2013-12-04T14:08:03","date_gmt":"2013-12-04T12:08:03","guid":{"rendered":"http:\/\/nenehatunasm.com\/?page_id=10"},"modified":"2025-12-05T16:04:24","modified_gmt":"2025-12-05T13:04:24","slug":"mesai-saatleri","status":"publish","type":"page","link":"https:\/\/sirinevlerasm.com\/index.php\/mesai-saatleri\/","title":{"rendered":"Mesai Saatleri"},"content":{"rendered":"<p><a href=\"http:\/\/sirinevlerasm.com\/wp-content\/uploads\/2025\/11\/hikmet.jpg\"><img loading=\"lazy\" decoding=\"async\" class=\"alignnone size-medium wp-image-2281\" src=\"http:\/\/sirinevlerasm.com\/wp-content\/uploads\/2025\/11\/hikmet-300x251.jpg\" alt=\"\" width=\"300\" height=\"251\" srcset=\"https:\/\/sirinevlerasm.com\/wp-content\/uploads\/2025\/11\/hikmet-300x251.jpg 300w, https:\/\/sirinevlerasm.com\/wp-content\/uploads\/2025\/11\/hikmet-768x642.jpg 768w, https:\/\/sirinevlerasm.com\/wp-content\/uploads\/2025\/11\/hikmet.jpg 1024w\" sizes=\"auto, (max-width: 300px) 100vw, 300px\" \/><\/a><br \/>\n<strong>Uzm. Dr. Kele\u015f Hikmet Uzun (34.06.89)<\/strong><\/p>\n<p data-start=\"93\" data-end=\"370\"><strong data-start=\"93\" data-end=\"107\">Pazartesi:<\/strong> 08:00-17:00 <strong data-start=\"121\" data-end=\"136\">\u00d6\u011fle Aras\u0131:<\/strong> 12:00-13:00<br data-start=\"148\" data-end=\"151\" \/><strong data-start=\"151\" data-end=\"160\" data-is-only-node=\"\">Sal\u0131:<\/strong> 08:00-17:00 <strong data-start=\"174\" data-end=\"189\">\u00d6\u011fle Aras\u0131:<\/strong> 13:00-14:00<br data-start=\"201\" data-end=\"204\" \/><strong data-start=\"204\" data-end=\"217\">\u00c7ar\u015famba:<\/strong> 08:00-17:00 <strong data-start=\"231\" data-end=\"246\">\u00d6\u011fle Aras\u0131:<\/strong> 12:00-13:00<br data-start=\"258\" data-end=\"261\" \/><strong data-start=\"261\" data-end=\"274\">Per\u015fembe:<\/strong> 09:00-18:00 <strong data-start=\"288\" data-end=\"303\">\u00d6\u011fle Aras\u0131:<\/strong> 13:00-14:00<br data-start=\"315\" data-end=\"318\" \/><strong data-start=\"318\" data-end=\"327\">Cuma:<\/strong> 08:00-17:00 <strong data-start=\"341\" data-end=\"356\">\u00d6\u011fle Aras\u0131:<\/strong> 12:00-13:00<\/p>\n<p data-start=\"372\" data-end=\"417\"><strong data-start=\"372\" data-end=\"393\">Kurum D\u0131\u015f\u0131 Mesai:<\/strong> Pazartesi 13:00-17:00<\/p>\n<p><a href=\"http:\/\/sirinevlerasm.com\/wp-content\/uploads\/2025\/11\/Caglayan.jpg\"><img loading=\"lazy\" decoding=\"async\" class=\"alignnone wp-image-2290 size-full\" src=\"http:\/\/sirinevlerasm.com\/wp-content\/uploads\/2025\/11\/Caglayan.jpg\" alt=\"\" width=\"300\" height=\"251\" \/><\/a><br \/>\n<strong>Uzm. Dr. \u00c7a\u011flayan Mutlu (34.06.87)<\/strong><\/p>\n<p data-start=\"74\" data-end=\"356\"><strong data-start=\"74\" data-end=\"88\">Pazartesi:<\/strong> 07:00-18:00 \/ <strong data-start=\"103\" data-end=\"118\">\u00d6\u011fle Aras\u0131:<\/strong> 13:00-14:00<br data-start=\"130\" data-end=\"133\" \/><strong data-start=\"133\" data-end=\"142\" data-is-only-node=\"\">Sal\u0131:<\/strong> 07:00-17:00 \/ <strong data-start=\"157\" data-end=\"172\">\u00d6\u011fle Aras\u0131:<\/strong> 12:00-13:00<br data-start=\"184\" data-end=\"187\" \/><strong data-start=\"187\" data-end=\"200\">\u00c7ar\u015famba:<\/strong> 08:00-15:00 \/ <strong data-start=\"215\" data-end=\"230\">\u00d6\u011fle Aras\u0131:<\/strong> 12:00-13:00<br data-start=\"242\" data-end=\"245\" \/><strong data-start=\"245\" data-end=\"258\">Per\u015fembe:<\/strong> 08:00-15:00 \/ <strong data-start=\"273\" data-end=\"288\">\u00d6\u011fle Aras\u0131:<\/strong> 12:00-13:00<br data-start=\"300\" data-end=\"303\" \/><strong data-start=\"303\" data-end=\"312\">Cuma:<\/strong> 07:00-15:00 \/ <strong data-start=\"327\" data-end=\"342\">\u00d6\u011fle Aras\u0131:<\/strong> 12:00-13:00<\/p>\n<p data-start=\"358\" data-end=\"402\"><strong data-start=\"358\" data-end=\"379\">Kurum D\u0131\u015f\u0131 Mesai:<\/strong> Per\u015fembe 13:00-15:00<\/p>\n<p><a href=\"http:\/\/sirinevlerasm.com\/wp-content\/uploads\/2025\/11\/drnurcan.jpg\"><img loading=\"lazy\" decoding=\"async\" class=\"alignnone wp-image-2341 size-full\" src=\"http:\/\/sirinevlerasm.com\/wp-content\/uploads\/2025\/11\/drnurcan.jpg\" alt=\"\" width=\"300\" height=\"251\" \/><\/a><\/p>\n<div class=\"spnc-entry-content\">\n<p><strong>Dr. Nurcan Akyaz\u0131 (34.06.86)<\/strong><\/p>\n<\/div>\n<p data-start=\"41\" data-end=\"318\"><strong data-start=\"41\" data-end=\"55\">Pazartesi:<\/strong> 08:00-17:00 <strong data-start=\"69\" data-end=\"84\">\u00d6\u011fle Aras\u0131:<\/strong> 12:00-13:00<br data-start=\"96\" data-end=\"99\" \/><strong data-start=\"99\" data-end=\"108\" data-is-only-node=\"\">Sal\u0131:<\/strong> 09:00-18:00 <strong data-start=\"122\" data-end=\"137\">\u00d6\u011fle Aras\u0131:<\/strong> 12:00-13:00<br data-start=\"149\" data-end=\"152\" \/><strong data-start=\"152\" data-end=\"165\">\u00c7ar\u015famba:<\/strong> 07:00-15:00 <strong data-start=\"179\" data-end=\"194\">\u00d6\u011fle Aras\u0131:<\/strong> 11:00-12:00<br data-start=\"206\" data-end=\"209\" \/><strong data-start=\"209\" data-end=\"222\">Per\u015fembe:<\/strong> 07:00-17:00 <strong data-start=\"236\" data-end=\"251\">\u00d6\u011fle Aras\u0131:<\/strong> 11:00-12:00<br data-start=\"263\" data-end=\"266\" \/><strong data-start=\"266\" data-end=\"275\">Cuma:<\/strong> 08:00-17:00 <strong data-start=\"289\" data-end=\"304\">\u00d6\u011fle Aras\u0131:<\/strong> 12:00-13:00<\/p>\n<p data-start=\"320\" data-end=\"364\"><strong data-start=\"320\" data-end=\"341\">Kurum D\u0131\u015f\u0131 Mesai:<\/strong> Per\u015fembe 15:00-17:00<\/p>\n<p style=\"text-align: left;\"><a href=\"http:\/\/sirinevlerasm.com\/wp-content\/uploads\/2025\/11\/Nurcan-1.jpg\"><img loading=\"lazy\" decoding=\"async\" class=\"alignnone wp-image-2338 size-full\" src=\"http:\/\/sirinevlerasm.com\/wp-content\/uploads\/2025\/11\/Nurcan-1.jpg\" alt=\"\" width=\"300\" height=\"251\" \/><\/a><\/p>\n<div class=\"spnc-entry-content\">\n<p><span style=\"color: #000000;\"><strong>Dr. Ufuk \u00d6zt\u00fcrk\u00a0<span style=\"font-size: 16px;\">(34.06.90)<\/span><\/strong><\/span><\/p>\n<\/div>\n<p data-start=\"59\" data-end=\"336\"><strong data-start=\"59\" data-end=\"73\">Pazartesi:<\/strong> 08:00-17:00 <strong data-start=\"87\" data-end=\"102\">\u00d6\u011fle Aras\u0131:<\/strong> 12:00-13:00<br data-start=\"114\" data-end=\"117\" \/><strong data-start=\"117\" data-end=\"126\" data-is-only-node=\"\">Sal\u0131:<\/strong> 09:00-18:00 <strong data-start=\"140\" data-end=\"155\">\u00d6\u011fle Aras\u0131:<\/strong> 12:00-13:00<br data-start=\"167\" data-end=\"170\" \/><strong data-start=\"170\" data-end=\"183\">\u00c7ar\u015famba:<\/strong> 07:00-16:00 <strong data-start=\"197\" data-end=\"212\">\u00d6\u011fle Aras\u0131:<\/strong> 11:00-12:00<br data-start=\"224\" data-end=\"227\" \/><strong data-start=\"227\" data-end=\"240\">Per\u015fembe:<\/strong> 08:00-17:00 <strong data-start=\"254\" data-end=\"269\">\u00d6\u011fle Aras\u0131:<\/strong> 12:00-13:00<br data-start=\"281\" data-end=\"284\" \/><strong data-start=\"284\" data-end=\"293\">Cuma:<\/strong> 07:00-16:00 <strong data-start=\"307\" data-end=\"322\">\u00d6\u011fle Aras\u0131:<\/strong> 11:00-12:00<\/p>\n<p data-start=\"338\" data-end=\"423\"><strong data-start=\"338\" data-end=\"359\">Kurum D\u0131\u015f\u0131 Mesai:<\/strong> \u00c7ar\u015famba 14:00-16:00<br data-start=\"380\" data-end=\"383\" \/><strong data-start=\"383\" data-end=\"404\">Kurum D\u0131\u015f\u0131 Mesai:<\/strong> Cuma 14:00-16:00<\/p>\n<p style=\"text-align: left;\"><a href=\"http:\/\/sirinevlerasm.com\/wp-content\/uploads\/2025\/11\/Talha-1.jpg\"><img loading=\"lazy\" decoding=\"async\" class=\"alignnone wp-image-2294 size-full\" src=\"http:\/\/sirinevlerasm.com\/wp-content\/uploads\/2025\/11\/Talha-1.jpg\" alt=\"\" width=\"300\" height=\"251\" \/><\/a><\/p>\n<div class=\"spnc-entry-content\">\n<p><span style=\"color: #000000;\"><strong>Dr.\u00a0 Talha Dalyaprak <span style=\"font-size: 16px;\">(34.06.88)<\/span><\/strong><\/span><\/p>\n<\/div>\n<p data-start=\"194\" data-end=\"471\"><strong data-start=\"194\" data-end=\"208\">Pazartesi:<\/strong> 08:00-17:00 <strong data-start=\"222\" data-end=\"237\">\u00d6\u011fle Aras\u0131:<\/strong> 12:00-13:00<br data-start=\"249\" data-end=\"252\" \/><strong data-start=\"252\" data-end=\"261\">Sal\u0131:<\/strong> 08:00-15:00 <strong data-start=\"275\" data-end=\"290\" data-is-only-node=\"\">\u00d6\u011fle Aras\u0131:<\/strong> 12:00-13:00<br data-start=\"302\" data-end=\"305\" \/><strong data-start=\"305\" data-end=\"318\">\u00c7ar\u015famba:<\/strong> 09:00-17:00 <strong data-start=\"332\" data-end=\"347\">\u00d6\u011fle Aras\u0131:<\/strong> 12:00-13:00<br data-start=\"359\" data-end=\"362\" \/><strong data-start=\"362\" data-end=\"375\">Per\u015fembe:<\/strong> 08:00-12:00 <strong data-start=\"389\" data-end=\"404\">\u00d6\u011fle Aras\u0131:<\/strong> 12:00-13:00<br data-start=\"416\" data-end=\"419\" \/><strong data-start=\"419\" data-end=\"428\">Cuma:<\/strong> 08:00-19:00 <strong data-start=\"442\" data-end=\"457\">\u00d6\u011fle Aras\u0131:<\/strong> 13:00-14:00<\/p>\n<p data-start=\"473\" data-end=\"513\"><strong data-start=\"473\" data-end=\"494\">Kurum D\u0131\u015f\u0131 Mesai:<\/strong> Sal\u0131 13:00-15:00<\/p>\n<p><a href=\"http:\/\/sirinevlerasm.com\/wp-content\/uploads\/2025\/11\/selim-1.jpg\"><img loading=\"lazy\" decoding=\"async\" class=\"alignnone wp-image-2295 size-full\" src=\"http:\/\/sirinevlerasm.com\/wp-content\/uploads\/2025\/11\/selim-1.jpg\" alt=\"\" width=\"300\" height=\"251\" \/><\/a><br \/>\n<span style=\"color: #000000;\"><strong>Dr. Selim Ko\u00e7 <span style=\"font-size: 16px;\">(34.06.85)<\/span><\/strong><\/span><\/p>\n<p data-start=\"192\" data-end=\"469\"><strong data-start=\"192\" data-end=\"206\">Pazartesi:<\/strong> 07:00-18:00 <strong data-start=\"220\" data-end=\"235\">\u00d6\u011fle Aras\u0131:<\/strong> 12:00-13:00<br data-start=\"247\" data-end=\"250\" \/><strong data-start=\"250\" data-end=\"259\">Sal\u0131:<\/strong> 07:00-15:00 <strong data-start=\"273\" data-end=\"288\" data-is-only-node=\"\">\u00d6\u011fle Aras\u0131:<\/strong> 12:00-13:00<br data-start=\"300\" data-end=\"303\" \/><strong data-start=\"303\" data-end=\"316\">\u00c7ar\u015famba:<\/strong> 07:00-17:00 <strong data-start=\"330\" data-end=\"345\">\u00d6\u011fle Aras\u0131:<\/strong> 12:00-13:00<br data-start=\"357\" data-end=\"360\" \/><strong data-start=\"360\" data-end=\"373\">Per\u015fembe:<\/strong> 07:00-15:00 <strong data-start=\"387\" data-end=\"402\">\u00d6\u011fle Aras\u0131:<\/strong> 12:00-13:00<br data-start=\"414\" data-end=\"417\" \/><strong data-start=\"417\" data-end=\"426\">Cuma:<\/strong> 07:00-15:00 <strong data-start=\"440\" data-end=\"455\">\u00d6\u011fle Aras\u0131:<\/strong> 12:00-13:00<\/p>\n<p data-start=\"471\" data-end=\"515\"><strong data-start=\"471\" data-end=\"492\">Kurum D\u0131\u015f\u0131 Mesai:<\/strong> Per\u015fembe 13:00-15:00<\/p>\n<p style=\"text-align: left;\"><a href=\"http:\/\/sirinevlerasm.com\/wp-content\/uploads\/2025\/11\/umutcan-1.jpg\"><img loading=\"lazy\" decoding=\"async\" class=\"alignnone wp-image-2296 size-full\" src=\"http:\/\/sirinevlerasm.com\/wp-content\/uploads\/2025\/11\/umutcan-1.jpg\" alt=\"\" width=\"300\" height=\"251\" \/><\/a><\/p>\n<div class=\"spnc-entry-content\">\n<p><span style=\"color: #000000;\"><strong>Dr. Umutcan G\u00f6ksu <span style=\"font-size: 16px;\">(34.06.84)<\/span><\/strong><\/span><\/p>\n<\/div>\n<p data-start=\"57\" data-end=\"334\"><strong data-start=\"57\" data-end=\"71\">Pazartesi:<\/strong> 08:00-17:00 <strong data-start=\"85\" data-end=\"100\">\u00d6\u011fle Aras\u0131:<\/strong> 12:00-13:00<br data-start=\"112\" data-end=\"115\" data-is-only-node=\"\" \/><strong data-start=\"115\" data-end=\"124\">Sal\u0131:<\/strong> 08:00-15:00 <strong data-start=\"138\" data-end=\"153\">\u00d6\u011fle Aras\u0131:<\/strong> 12:00-13:00<br data-start=\"165\" data-end=\"168\" \/><strong data-start=\"168\" data-end=\"181\">\u00c7ar\u015famba:<\/strong> 08:00-17:00 <strong data-start=\"195\" data-end=\"210\">\u00d6\u011fle Aras\u0131:<\/strong> 12:00-13:00<br data-start=\"222\" data-end=\"225\" \/><strong data-start=\"225\" data-end=\"238\">Per\u015fembe:<\/strong> 08:00-17:00 <strong data-start=\"252\" data-end=\"267\">\u00d6\u011fle Aras\u0131:<\/strong> 12:00-13:00<br data-start=\"279\" data-end=\"282\" \/><strong data-start=\"282\" data-end=\"291\">Cuma:<\/strong> 08:00-19:00 <strong data-start=\"305\" data-end=\"320\">\u00d6\u011fle Aras\u0131:<\/strong> 13:00-14:00<\/p>\n<p data-start=\"336\" data-end=\"374\" data-is-last-node=\"\" data-is-only-node=\"\"><strong data-start=\"336\" data-end=\"357\">Kurum D\u0131\u015f\u0131 Mesai:<\/strong> Sal\u0131 13:00-15:00<\/p>\n","protected":false},"excerpt":{"rendered":"<p>Uzm. Dr. Kele\u015f Hikmet Uzun (34.06.89) Pazartesi: 08:00-17:00 \u00d6\u011fle Aras\u0131: 12:00-13:00Sal\u0131: 08:00-17:00 \u00d6\u011fle Aras\u0131: 13:00-14:00\u00c7ar\u015famba: 08:00-17:00 \u00d6\u011fle Aras\u0131: 12:00-13:00Per\u015fembe: 09:00-18:00 \u00d6\u011fle Aras\u0131: 13:00-14:00Cuma: 08:00-17:00 \u00d6\u011fle Aras\u0131: 12:00-13:00 Kurum D\u0131\u015f\u0131 Mesai: Pazartesi 13:00-17:00 Uzm. Dr. \u00c7a\u011flayan Mutlu (34.06.87) Pazartesi: 07:00-18:00 \/ \u00d6\u011fle Aras\u0131: 13:00-14:00Sal\u0131: 07:00-17:00 \/ \u00d6\u011fle Aras\u0131: 12:00-13:00\u00c7ar\u015famba: 08:00-15:00 \/ \u00d6\u011fle Aras\u0131: 12:00-13:00Per\u015fembe: 08:00-15:00 \/ [&hellip;]<\/p>\n","protected":false},"author":1,"featured_media":0,"parent":0,"menu_order":5,"comment_status":"open","ping_status":"open","template":"","meta":{"footnotes":""},"class_list":["post-10","page","type-page","status-publish","hentry"],"_links":{"self":[{"href":"https:\/\/sirinevlerasm.com\/index.php\/wp-json\/wp\/v2\/pages\/10","targetHints":{"allow":["GET"]}}],"collection":[{"href":"https:\/\/sirinevlerasm.com\/index.php\/wp-json\/wp\/v2\/pages"}],"about":[{"href":"https:\/\/sirinevlerasm.com\/index.php\/wp-json\/wp\/v2\/types\/page"}],"author":[{"embeddable":true,"href":"https:\/\/sirinevlerasm.com\/index.php\/wp-json\/wp\/v2\/users\/1"}],"replies":[{"embeddable":true,"href":"https:\/\/sirinevlerasm.com\/index.php\/wp-json\/wp\/v2\/comments?post=10"}],"version-history":[{"count":120,"href":"https:\/\/sirinevlerasm.com\/index.php\/wp-json\/wp\/v2\/pages\/10\/revisions"}],"predecessor-version":[{"id":2351,"href":"https:\/\/sirinevlerasm.com\/index.php\/wp-json\/wp\/v2\/pages\/10\/revisions\/2351"}],"wp:attachment":[{"href":"https:\/\/sirinevlerasm.com\/index.php\/wp-json\/wp\/v2\/media?parent=10"}],"curies":[{"name":"wp","href":"https:\/\/api.w.org\/{rel}","templated":true}]}}