{"id":120,"date":"2013-12-04T16:45:17","date_gmt":"2013-12-04T14:45:17","guid":{"rendered":"http:\/\/www.nenehatunasm.com\/?page_id=120"},"modified":"2025-11-15T01:44:42","modified_gmt":"2025-11-14T22:44:42","slug":"personellerimiz","status":"publish","type":"page","link":"https:\/\/sirinevlerasm.com\/index.php\/personellerimiz\/","title":{"rendered":"Personellerimiz"},"content":{"rendered":"<p><strong>Hem\u015fire :\u00a0Gizem Ye\u015fil\u0131rmak<\/strong><br \/>\n<strong>T\u0131bbi Sekreter :\u00a0Elif Korkusuz<\/strong><br \/>\n<strong>T\u0131bbi Sekreter :\u00a0Derya \u00d6ze<\/strong><br \/>\n<strong>Temizlik Personeli :\u00a0Aysel \u015eahin<\/strong><br \/>\n<strong>Temizlik Personeli :\u00a0Aysun Vural<\/strong><\/p>\n","protected":false},"excerpt":{"rendered":"<p>Hem\u015fire :\u00a0Gizem Ye\u015fil\u0131rmak T\u0131bbi Sekreter :\u00a0Elif Korkusuz T\u0131bbi Sekreter :\u00a0Derya \u00d6ze Temizlik Personeli :\u00a0Aysel \u015eahin Temizlik Personeli :\u00a0Aysun Vural<\/p>\n","protected":false},"author":1,"featured_media":0,"parent":0,"menu_order":4,"comment_status":"open","ping_status":"open","template":"","meta":{"footnotes":""},"class_list":["post-120","page","type-page","status-publish","hentry"],"_links":{"self":[{"href":"https:\/\/sirinevlerasm.com\/index.php\/wp-json\/wp\/v2\/pages\/120","targetHints":{"allow":["GET"]}}],"collection":[{"href":"https:\/\/sirinevlerasm.com\/index.php\/wp-json\/wp\/v2\/pages"}],"about":[{"href":"https:\/\/sirinevlerasm.com\/index.php\/wp-json\/wp\/v2\/types\/page"}],"author":[{"embeddable":true,"href":"https:\/\/sirinevlerasm.com\/index.php\/wp-json\/wp\/v2\/users\/1"}],"replies":[{"embeddable":true,"href":"https:\/\/sirinevlerasm.com\/index.php\/wp-json\/wp\/v2\/comments?post=120"}],"version-history":[{"count":23,"href":"https:\/\/sirinevlerasm.com\/index.php\/wp-json\/wp\/v2\/pages\/120\/revisions"}],"predecessor-version":[{"id":2332,"href":"https:\/\/sirinevlerasm.com\/index.php\/wp-json\/wp\/v2\/pages\/120\/revisions\/2332"}],"wp:attachment":[{"href":"https:\/\/sirinevlerasm.com\/index.php\/wp-json\/wp\/v2\/media?parent=120"}],"curies":[{"name":"wp","href":"https:\/\/api.w.org\/{rel}","templated":true}]}}