{"id":121,"date":"2013-12-04T16:46:43","date_gmt":"2013-12-04T14:46:43","guid":{"rendered":"http:\/\/www.nenehatunasm.com\/?page_id=121"},"modified":"2025-11-15T01:37:35","modified_gmt":"2025-11-14T22:37:35","slug":"aile-saglik-elemanlarimiz","status":"publish","type":"page","link":"https:\/\/sirinevlerasm.com\/index.php\/aile-saglik-elemanlarimiz\/","title":{"rendered":"Aile Sa\u011fl\u0131\u011f\u0131 \u00c7al\u0131\u015fanlar\u0131m\u0131z"},"content":{"rendered":"<p><strong>Esra \u0130bal Ke\u00e7ici<br \/>\nEbe Elif \u00d6zdemir Yay\u0131c\u0131<br \/>\nEbe Zeynep K\u0131zmaz<br \/>\nEbe \u0130nci Tosun<br \/>\n<\/strong><strong>Ebe B\u00fc\u015fra B\u0131\u00e7ak<br \/>\nNurhan Durmu\u015f<br \/>\nFatma Sar\u0131kaya<\/strong><\/p>\n","protected":false},"excerpt":{"rendered":"<p>Esra \u0130bal Ke\u00e7ici Ebe Elif \u00d6zdemir Yay\u0131c\u0131 Ebe Zeynep K\u0131zmaz Ebe \u0130nci Tosun Ebe B\u00fc\u015fra B\u0131\u00e7ak Nurhan Durmu\u015f Fatma Sar\u0131kaya<\/p>\n","protected":false},"author":1,"featured_media":0,"parent":0,"menu_order":2,"comment_status":"open","ping_status":"open","template":"","meta":{"footnotes":""},"class_list":["post-121","page","type-page","status-publish","hentry"],"_links":{"self":[{"href":"https:\/\/sirinevlerasm.com\/index.php\/wp-json\/wp\/v2\/pages\/121","targetHints":{"allow":["GET"]}}],"collection":[{"href":"https:\/\/sirinevlerasm.com\/index.php\/wp-json\/wp\/v2\/pages"}],"about":[{"href":"https:\/\/sirinevlerasm.com\/index.php\/wp-json\/wp\/v2\/types\/page"}],"author":[{"embeddable":true,"href":"https:\/\/sirinevlerasm.com\/index.php\/wp-json\/wp\/v2\/users\/1"}],"replies":[{"embeddable":true,"href":"https:\/\/sirinevlerasm.com\/index.php\/wp-json\/wp\/v2\/comments?post=121"}],"version-history":[{"count":15,"href":"https:\/\/sirinevlerasm.com\/index.php\/wp-json\/wp\/v2\/pages\/121\/revisions"}],"predecessor-version":[{"id":2325,"href":"https:\/\/sirinevlerasm.com\/index.php\/wp-json\/wp\/v2\/pages\/121\/revisions\/2325"}],"wp:attachment":[{"href":"https:\/\/sirinevlerasm.com\/index.php\/wp-json\/wp\/v2\/media?parent=121"}],"curies":[{"name":"wp","href":"https:\/\/api.w.org\/{rel}","templated":true}]}}