{"id":14,"date":"2013-12-04T14:09:24","date_gmt":"2013-12-04T12:09:24","guid":{"rendered":"http:\/\/nenehatunasm.com\/?page_id=14"},"modified":"2022-04-15T11:37:52","modified_gmt":"2022-04-15T08:37:52","slug":"hizmetlerimiz","status":"publish","type":"page","link":"https:\/\/sirinevlerasm.com\/index.php\/hizmetlerimiz\/","title":{"rendered":"Hizmetlerimiz"},"content":{"rendered":"<p>A\u015f\u0131 Takibi<\/p>\n<p>Bebek Takibi<\/p>\n<p>Gebe<\/p>\n<p>Lohusa Takibi<\/p>\n<p>Poliklinik Hizmeti<\/p>\n<p>Covid-19 a\u015f\u0131 uygulamalar\u0131 (Sinovac-Biontech-T\u00fcrkovac)<\/p>\n<p>Evlilik dan\u0131\u015fma ve Raporlar\u0131 (Hemoglobinopati ve SMA tarama testleri)<\/p>\n<p>Okul\u00a0 d\u00f6nemi a\u015f\u0131lar\u0131<\/p>\n<p>30-65 Ya\u015f aral\u0131\u011f\u0131ndaki kad\u0131nlarda HPV (Rahim A\u011fz\u0131 Kanser) taramas\u0131<\/p>\n<p>50-70 ya\u015f kad\u0131n&amp;erkek GGK Taramas\u0131(kolon kanseri i\u00e7in)<\/p>\n<p>&nbsp;<\/p>\n","protected":false},"excerpt":{"rendered":"<p>A\u015f\u0131 Takibi Bebek Takibi Gebe Lohusa Takibi Poliklinik Hizmeti Covid-19 a\u015f\u0131 uygulamalar\u0131 (Sinovac-Biontech-T\u00fcrkovac) Evlilik dan\u0131\u015fma ve Raporlar\u0131 (Hemoglobinopati ve SMA tarama testleri) Okul\u00a0 d\u00f6nemi a\u015f\u0131lar\u0131 30-65 Ya\u015f aral\u0131\u011f\u0131ndaki kad\u0131nlarda HPV (Rahim A\u011fz\u0131 Kanser) taramas\u0131 50-70 ya\u015f kad\u0131n&amp;erkek GGK Taramas\u0131(kolon kanseri i\u00e7in) &nbsp;<\/p>\n","protected":false},"author":1,"featured_media":0,"parent":0,"menu_order":3,"comment_status":"open","ping_status":"open","template":"","meta":{"footnotes":""},"class_list":["post-14","page","type-page","status-publish","hentry"],"_links":{"self":[{"href":"https:\/\/sirinevlerasm.com\/index.php\/wp-json\/wp\/v2\/pages\/14","targetHints":{"allow":["GET"]}}],"collection":[{"href":"https:\/\/sirinevlerasm.com\/index.php\/wp-json\/wp\/v2\/pages"}],"about":[{"href":"https:\/\/sirinevlerasm.com\/index.php\/wp-json\/wp\/v2\/types\/page"}],"author":[{"embeddable":true,"href":"https:\/\/sirinevlerasm.com\/index.php\/wp-json\/wp\/v2\/users\/1"}],"replies":[{"embeddable":true,"href":"https:\/\/sirinevlerasm.com\/index.php\/wp-json\/wp\/v2\/comments?post=14"}],"version-history":[{"count":5,"href":"https:\/\/sirinevlerasm.com\/index.php\/wp-json\/wp\/v2\/pages\/14\/revisions"}],"predecessor-version":[{"id":1959,"href":"https:\/\/sirinevlerasm.com\/index.php\/wp-json\/wp\/v2\/pages\/14\/revisions\/1959"}],"wp:attachment":[{"href":"https:\/\/sirinevlerasm.com\/index.php\/wp-json\/wp\/v2\/media?parent=14"}],"curies":[{"name":"wp","href":"https:\/\/api.w.org\/{rel}","templated":true}]}}