{"id":306,"date":"2013-12-04T14:06:10","date_gmt":"2013-12-04T12:06:10","guid":{"rendered":"http:\/\/nenehatunasm.com\/?page_id=6"},"modified":"2025-12-26T14:46:08","modified_gmt":"2025-12-26T11:46:08","slug":"iletisim","status":"publish","type":"page","link":"https:\/\/sirinevlerasm.com\/index.php\/iletisim\/","title":{"rendered":"\u0130leti\u015fim"},"content":{"rendered":"<p>Adres : \u015eirinevler Mahallesi Mahmutbey Caddesi Gaziler Sokak No:5 Bah\u00e7elievler \u0130stanbul<\/p>\n<p>Telefon : ASM:0212 639 10 77<\/p>\n<p>\u0130l\u00e7e sa\u011fl\u0131k:02124417111<\/p>\n<p>\u0130l sa\u011fl\u0131k:02126383000<\/p>\n<p>mail: sirinevlerasm@gmail.com<\/p>\n<p>web:sirinevlerasm.com<\/p>\n","protected":false},"excerpt":{"rendered":"<p>Adres : \u015eirinevler Mahallesi Mahmutbey Caddesi Gaziler Sokak No:5 Bah\u00e7elievler \u0130stanbul Telefon : ASM:0212 639 10 77 \u0130l\u00e7e sa\u011fl\u0131k:02124417111 \u0130l sa\u011fl\u0131k:02126383000 mail: sirinevlerasm@gmail.com web:sirinevlerasm.com<\/p>\n","protected":false},"author":1,"featured_media":0,"parent":0,"menu_order":7,"comment_status":"open","ping_status":"open","template":"","meta":{"footnotes":""},"class_list":["post-306","page","type-page","status-publish","hentry"],"_links":{"self":[{"href":"https:\/\/sirinevlerasm.com\/index.php\/wp-json\/wp\/v2\/pages\/306","targetHints":{"allow":["GET"]}}],"collection":[{"href":"https:\/\/sirinevlerasm.com\/index.php\/wp-json\/wp\/v2\/pages"}],"about":[{"href":"https:\/\/sirinevlerasm.com\/index.php\/wp-json\/wp\/v2\/types\/page"}],"author":[{"embeddable":true,"href":"https:\/\/sirinevlerasm.com\/index.php\/wp-json\/wp\/v2\/users\/1"}],"replies":[{"embeddable":true,"href":"https:\/\/sirinevlerasm.com\/index.php\/wp-json\/wp\/v2\/comments?post=306"}],"version-history":[{"count":8,"href":"https:\/\/sirinevlerasm.com\/index.php\/wp-json\/wp\/v2\/pages\/306\/revisions"}],"predecessor-version":[{"id":2355,"href":"https:\/\/sirinevlerasm.com\/index.php\/wp-json\/wp\/v2\/pages\/306\/revisions\/2355"}],"wp:attachment":[{"href":"https:\/\/sirinevlerasm.com\/index.php\/wp-json\/wp\/v2\/media?parent=306"}],"curies":[{"name":"wp","href":"https:\/\/api.w.org\/{rel}","templated":true}]}}