{"id":307,"date":"2013-12-04T14:07:38","date_gmt":"2013-12-04T12:07:38","guid":{"rendered":"http:\/\/nenehatunasm.com\/?page_id=8"},"modified":"2025-12-05T16:03:58","modified_gmt":"2025-12-05T13:03:58","slug":"doktorlarimiz","status":"publish","type":"page","link":"https:\/\/sirinevlerasm.com\/index.php\/doktorlarimiz\/","title":{"rendered":"Doktorlar\u0131m\u0131z"},"content":{"rendered":"<div><header class=\"entry-header\">\r\n<p style=\"text-align: center;\"><strong><span style=\"color: #000000;\">Uzm. Dr. Kele\u015f Hikmet Uzun (34.06.89)<\/span><\/strong><\/p>\r\n<a href=\"http:\/\/sirinevlerasm.com\/wp-content\/uploads\/2023\/07\/hikmet.jpg\"><img loading=\"lazy\" decoding=\"async\" class=\"wp-image-2143 size-medium aligncenter\" src=\"http:\/\/sirinevlerasm.com\/wp-content\/uploads\/2023\/07\/hikmet-300x251.jpg\" alt=\"\" width=\"300\" height=\"251\" srcset=\"https:\/\/sirinevlerasm.com\/wp-content\/uploads\/2023\/07\/hikmet-300x251.jpg 300w, https:\/\/sirinevlerasm.com\/wp-content\/uploads\/2023\/07\/hikmet-768x642.jpg 768w, https:\/\/sirinevlerasm.com\/wp-content\/uploads\/2023\/07\/hikmet-479x400.jpg 479w, https:\/\/sirinevlerasm.com\/wp-content\/uploads\/2023\/07\/hikmet-60x50.jpg 60w, https:\/\/sirinevlerasm.com\/wp-content\/uploads\/2023\/07\/hikmet.jpg 1024w\" sizes=\"auto, (max-width: 300px) 100vw, 300px\" \/><\/a>\r\n\r\n<\/header>\r\n<div class=\"spnc-entry-content\">\r\n<p style=\"text-align: center;\"><span style=\"color: #000000;\"><strong>Uzm. Dr. \u00c7a\u011flayan Mutlu (34.06.87)<\/strong><\/span><\/p>\r\n<a href=\"http:\/\/sirinevlerasm.com\/wp-content\/uploads\/2025\/11\/Caglayan.jpg\"><img loading=\"lazy\" decoding=\"async\" class=\"wp-image-2290 size-full aligncenter\" src=\"http:\/\/sirinevlerasm.com\/wp-content\/uploads\/2025\/11\/Caglayan.jpg\" alt=\"\" width=\"300\" height=\"251\" \/><\/a>\r\n<p style=\"text-align: center;\"><strong style=\"color: #000000;\">Dr. Nurcan Akyaz\u0131 (34.06.86)<\/strong><\/p>\r\n<a href=\"http:\/\/sirinevlerasm.com\/wp-content\/uploads\/2025\/11\/drnurcan.jpg\"><img loading=\"lazy\" decoding=\"async\" class=\"wp-image-2341 size-full aligncenter\" src=\"http:\/\/sirinevlerasm.com\/wp-content\/uploads\/2025\/11\/drnurcan.jpg\" alt=\"\" width=\"300\" height=\"251\" \/><\/a>\r\n<p style=\"text-align: center;\"><span style=\"color: #000000;\"><strong>Dr. Ufuk \u00d6zt\u00fcrk\u00a0<span style=\"font-size: 16px;\">(34.06.90)<\/span><\/strong><\/span><\/p>\r\n<p style=\"text-align: center;\"><a href=\"http:\/\/sirinevlerasm.com\/wp-content\/uploads\/2025\/11\/Nurcan-1.jpg\"><img loading=\"lazy\" decoding=\"async\" class=\"alignnone wp-image-2338 size-full\" src=\"http:\/\/sirinevlerasm.com\/wp-content\/uploads\/2025\/11\/Nurcan-1.jpg\" alt=\"\" width=\"300\" height=\"251\" \/><\/a><\/p>\r\n<p style=\"text-align: center;\"><span style=\"color: #000000;\"><strong>Dr. Talha Dalyaprak <span style=\"font-size: 16px;\">(34.06.88)<\/span><\/strong><\/span><\/p>\r\n<p style=\"text-align: center;\"><a href=\"http:\/\/sirinevlerasm.com\/wp-content\/uploads\/2025\/11\/Talha-1.jpg\"><img loading=\"lazy\" decoding=\"async\" class=\"alignnone wp-image-2294 size-full\" src=\"http:\/\/sirinevlerasm.com\/wp-content\/uploads\/2025\/11\/Talha-1.jpg\" alt=\"\" width=\"300\" height=\"251\" \/><\/a><\/p>\r\n<p style=\"text-align: center;\"><span style=\"color: #000000;\"><strong>Dr. Selim Ko\u00e7 <span style=\"font-size: 16px;\">(34.06.85)<\/span><\/strong><\/span><\/p>\r\n<p style=\"text-align: center;\"><a href=\"http:\/\/sirinevlerasm.com\/wp-content\/uploads\/2025\/11\/selim-1.jpg\"><img loading=\"lazy\" decoding=\"async\" class=\"alignnone wp-image-2295 size-full\" src=\"http:\/\/sirinevlerasm.com\/wp-content\/uploads\/2025\/11\/selim-1.jpg\" alt=\"\" width=\"300\" height=\"251\" \/><\/a><\/p>\r\n<p style=\"text-align: center;\"><span style=\"color: #000000;\"><strong>Dr. Umutcan G\u00f6ksu <span style=\"font-size: 16px;\">(34.06.84)<\/span><\/strong><\/span><\/p>\r\n<p style=\"text-align: center;\"><a href=\"http:\/\/sirinevlerasm.com\/wp-content\/uploads\/2025\/11\/umutcan-1.jpg\"><img loading=\"lazy\" decoding=\"async\" class=\"alignnone wp-image-2296 size-full\" src=\"http:\/\/sirinevlerasm.com\/wp-content\/uploads\/2025\/11\/umutcan-1.jpg\" alt=\"\" width=\"300\" height=\"251\" \/><\/a><\/p>\r\n<p style=\"text-align: center;\"><\/p>\r\n\r\n<\/div>\r\n<\/div>\r\n<!-- \/wp:post-content -->","protected":false},"excerpt":{"rendered":"<p>Uzm. Dr. Kele\u015f Hikmet Uzun (34.06.89) Uzm. Dr. \u00c7a\u011flayan Mutlu (34.06.87) Dr. Nurcan Akyaz\u0131 (34.06.86) Dr. Ufuk \u00d6zt\u00fcrk\u00a0(34.06.90) Dr. Talha Dalyaprak (34.06.88) Dr. Selim Ko\u00e7 (34.06.85) Dr. Umutcan G\u00f6ksu (34.06.84)<\/p>\n","protected":false},"author":1,"featured_media":0,"parent":0,"menu_order":1,"comment_status":"open","ping_status":"open","template":"","meta":{"footnotes":""},"class_list":["post-307","page","type-page","status-publish","hentry"],"_links":{"self":[{"href":"https:\/\/sirinevlerasm.com\/index.php\/wp-json\/wp\/v2\/pages\/307","targetHints":{"allow":["GET"]}}],"collection":[{"href":"https:\/\/sirinevlerasm.com\/index.php\/wp-json\/wp\/v2\/pages"}],"about":[{"href":"https:\/\/sirinevlerasm.com\/index.php\/wp-json\/wp\/v2\/types\/page"}],"author":[{"embeddable":true,"href":"https:\/\/sirinevlerasm.com\/index.php\/wp-json\/wp\/v2\/users\/1"}],"replies":[{"embeddable":true,"href":"https:\/\/sirinevlerasm.com\/index.php\/wp-json\/wp\/v2\/comments?post=307"}],"version-history":[{"count":68,"href":"https:\/\/sirinevlerasm.com\/index.php\/wp-json\/wp\/v2\/pages\/307\/revisions"}],"predecessor-version":[{"id":2350,"href":"https:\/\/sirinevlerasm.com\/index.php\/wp-json\/wp\/v2\/pages\/307\/revisions\/2350"}],"wp:attachment":[{"href":"https:\/\/sirinevlerasm.com\/index.php\/wp-json\/wp\/v2\/media?parent=307"}],"curies":[{"name":"wp","href":"https:\/\/api.w.org\/{rel}","templated":true}]}}